{"id":177,"date":"2018-05-24T00:10:14","date_gmt":"2018-05-23T23:10:14","guid":{"rendered":"https:\/\/conte-adriatic.com\/about-us-2\/"},"modified":"2018-05-24T23:35:22","modified_gmt":"2018-05-24T22:35:22","slug":"%d0%be-%d0%bd%d0%b0%d1%81","status":"publish","type":"page","link":"https:\/\/conte-adriatic.com\/ru\/%d0%be-%d0%bd%d0%b0%d1%81\/","title":{"rendered":"\u041e \u043d\u0430\u0441"},"content":{"rendered":"<p>Conte Adriatic o\u0442\u043a\u0440\u044b\u0442\u0430 \u0444\u0438\u0440\u043c\u0430\u0441 \u043c\u043d\u043e\u0433\u043e\u043b\u0435\u0442\u043d\u0438\u043c \u043e\u043f\u044b\u0442\u043e\u043c \u0440\u0430\u0431\u043e\u0442\u044b \u0432 \u0441\u0444\u0435\u0440\u0435 \u0442\u0443\u0440\u0438\u0437\u043c\u0430; \u043a\u043e\u043c\u043f\u0430\u043d\u0438\u044f, \u0437\u0430\u043d\u0438\u043c\u0430\u044e\u0449\u0430\u044f\u0441\u044f \u043c\u0430\u0440\u043a\u0435\u0442\u0438\u043d\u0433\u043e\u043c, \u043a\u043e\u043d\u0441\u0430\u043b\u0442\u0438\u043d\u0433\u043e\u0432\u044b\u043c\u0438 \u0443\u0441\u043b\u0443\u0433\u0430\u043c\u0438, \u0444\u0438\u043d\u0430\u043d\u0441\u043e\u0432\u044b\u043c \u043a\u043e\u043d\u0441\u0443\u043b\u044c\u0442\u0438\u0440\u043e\u0432\u0430\u043d\u0438\u0435\u043c, \u0431\u0440\u043e\u043a\u0435\u0440\u0441\u043a\u0438\u043c\u0438 \u0443\u0441\u043b\u0443\u0433\u0430\u043c\u0438 \u0438 \u0442\u0443\u0440\u0438\u0441\u0442\u0438\u0447\u0435\u0441\u043a\u043e\u0439 \u0434\u0435\u044f\u0442\u0435\u043b\u044c\u043d\u043e\u0441\u0442\u044c\u044e.<\/p>\n<p>\u0427\u0442\u043e \u043c\u044b \u043f\u0440\u0435\u0434\u043b\u0430\u0433\u0430\u0435\u043c? \u041c\u044b \u043f\u0440\u0435\u0434\u043b\u0430\u0433\u0430\u0435\u043c \u043d\u0430\u0448\u0438\u043c \u043a\u043b\u0438\u0435\u043d\u0442\u0430\u043c \u0440\u0430\u0437\u043b\u0438\u0447\u043d\u044b\u0435 \u0432\u0430\u0440\u0438\u0430\u043d\u0442\u044b \u0440\u0430\u0437\u043c\u0435\u0449\u0435\u043d\u0438\u044f, \u043e\u0441\u0443\u0449\u0435\u0441\u0442\u0432\u043b\u044f\u0435\u043c \u0432\u0430\u0448\u0438 \u043f\u043e\u0436\u0435\u043b\u0430\u043d\u0438\u044f. \u0415\u0441\u043b\u0438 \u0443 \u0432\u0430\u0441 \u0435\u0441\u0442\u044c \u0438\u0434\u0435\u0438, \u0432\u043e\u043f\u0440\u043e\u0441\u044b, \u043f\u043e\u0436\u0435\u043b\u0430\u043d\u0438\u044f, \u0441\u0432\u044f\u0436\u0438\u0442\u0435\u0441\u044c \u0441 \u043d\u0430\u043c\u0438 \u0438 \u043c\u044b \u0432\u043c\u0435\u0441\u0442\u0435 \u043f\u0440\u0438\u0439\u0434\u0435\u043c \u043a \u0440\u0435\u0448\u0435\u043d\u0438\u044e. \u0415\u0441\u043b\u0438 \u0432\u044b \u0435\u0449\u0435 \u043d\u0435 \u0440\u0435\u0448\u0438\u043b\u0438, \u043f\u043e\u0436\u0430\u043b\u0443\u0439\u0441\u0442\u0430, \u043e\u0431\u0440\u0430\u0449\u0430\u0439\u0442\u0435\u0441\u044c \u043a \u043d\u0430\u043c, \u0438 \u043c\u044b \u043f\u043e\u043c\u043e\u0436\u0435\u043c \u0432\u0430\u043c \u0440\u0435\u0430\u043b\u0438\u0437\u043e\u0432\u0430\u0442\u044c \u0432\u0430\u0448\u0438 \u0436\u0435\u043b\u0430\u043d\u0438\u044f \u043f\u0440\u0438 \u0432\u044b\u0431\u043e\u0440\u0435\u0430\u043f\u0430\u0440\u0442\u0430\u043c\u0435\u043d\u0442\u043e\u0432, \u043e\u0442\u0435\u043b\u0435\u0439, \u043a\u043e\u043c\u043d\u0430\u0442, \u0434\u043e\u043c\u043e\u0432 \u0441 \u0431\u0430\u0441\u0441\u0435\u0439\u043d\u043e\u043c \u0438 \u0432\u0435\u043b\u0438\u043a\u043e\u043b\u0435\u043f\u043d\u044b\u0445 \u0432\u0438\u043b\u043b. \u041a \u043a\u0430\u0436\u0434\u043e\u043c\u0443 \u0433\u043e\u0441\u0442\u044e \u0438\u043d\u0434\u0438\u0432\u0438\u0434\u0443\u0430\u043b\u044c\u043d\u044b\u0439 \u043f\u043e\u0434\u0445\u043e\u0434.<\/p>\n<p>\u041c\u044b \u0445\u043e\u0442\u0438\u043c, \u0447\u0442\u043e\u0431\u044b \u043d\u0430\u0448\u0438\u043c \u043a\u043b\u0438\u0435\u043d\u0442\u0430\u043c \u0431\u044b\u043b\u043e \u043a\u043e\u043c\u0444\u043e\u0440\u0442\u043d\u043e \u0432 \u0425\u043e\u0440\u0432\u0430\u0442\u0438\u0438, \u0447\u0442\u043e\u0431\u044b \u043e\u043d\u0438 \u0441\u043d\u043e\u0432\u0430 \u0437\u0430\u0445\u043e\u0442\u0435\u043b\u0438 \u0432\u0435\u0440\u043d\u0443\u0442\u044c\u0441\u044f \u0441\u044e\u0434\u0430.<\/p>\n<p>\u041f\u0440\u043e\u0432\u0435\u0434\u0438\u0442\u0435 \u0432\u0430\u0448\u0435 \u0432\u0440\u0435\u043c\u044f \u0432 \u0425\u043e\u0440\u0432\u0430\u0442\u0438\u0438 \u043d\u0430\u0438\u043b\u0443\u0447\u0448\u0438\u043c \u043e\u0431\u0440\u0430\u0437\u043e\u043c, \u0447\u0442\u043e\u0431\u044b \u0432\u0430\u0448\u0438 \u0432\u043f\u0435\u0447\u0430\u0442\u043b\u0435\u043d\u0438\u044f \u043e\u043f\u0440\u0430\u0432\u0434\u0430\u043b\u0438 \u043e\u0436\u0438\u0434\u0430\u043d\u0438\u044f.<\/p>\n<p>\u0421 \u043d\u0430\u0448\u0438\u043c \u0434\u0435\u0432\u0438\u0437\u043e\u043c: \u0441\u0435\u0440\u0432\u0438\u0441, \u043a\u0430\u0447\u0435\u0441\u0442\u0432\u043e \u0438 \u0443\u0434\u043e\u0432\u043b\u0435\u0442\u0432\u043e\u0440\u0435\u043d\u0438\u0435, \u043c\u044b \u0436\u0435\u043b\u0430\u0435\u043c \u0432\u0430\u043c \u043f\u0440\u0438\u044f\u0442\u043d\u043e\u0433\u043e \u043f\u0440\u0435\u0431\u044b\u0432\u0430\u043d\u0438\u044f \u0432 \u0425\u043e\u0440\u0432\u0430\u0442\u0438\u0438.<\/p>\n<p><strong>Nadle\u017eni sud<\/strong><\/p>\n<p>Trgova\u010dki Sud u Zadru<\/p>\n<p>MBS: 110043454<\/p>\n<p>OIB: 57714190190<\/p>\n<p><strong>Tvrtka<\/strong><\/p>\n<p>Conte Adriatic j.d.o.o. za posredovanje i prodaju u turizmu, savjetovanje i za djelatnost turisti\u010dke agencije<\/p>\n<p><strong>Sjedi\u0161te<\/strong><\/p>\n<p>Put Murvice 27c<\/p>\n<p>23 000 Zadar<\/p>\n<p>Registrirano kod Trgova\u010dkog suda u Zadru pod brojem Tt-14\/678-2<\/p>\n<p><strong>Poslovna banka<\/strong><\/p>\n<p>Erste banka<\/p>\n<p>HR9424020061100692547<\/p>\n<p><strong>Temeljni kapital<\/strong><\/p>\n<p>10,00 kn<\/p>\n<p><strong>Pravni oblik<\/strong><\/p>\n<p>jednostavno dru\u0161tvo s ograni\u010denom odgovorno\u0161\u0107u<\/p>\n<p><strong>Osniva\u010di\/\u010dlanovi dru\u0161tva<\/strong><\/p>\n<p>Marijana Jani\u0107, OIB: 14492625928<\/p>\n<p>Zadar, Put Murvice 27c<\/p>\n<p>\u041a\u043e\u043d\u0442\u0440\u0430\u043a\u0442 \u043d\u0430 \u0430\u0440\u0435\u043d\u0434\u0443 \u043c\u043e\u0436\u043d\u043e \u043d\u0430\u0439\u0442\u0438 <a title=\"Rentals contract\" href=\"https:\/\/conte-adriatic.com\/wp-content\/uploads\/2014\/07\/VA\u017dNO-UGOVOR-2014-AGENCIJA-IZNAJMLJIVA\u010c.pdf\" target=\"_blank\">\u0437\u0434\u0435\u0441\u044c<\/a>.<\/p>\n","protected":false},"excerpt":{"rendered":"<p>Conte Adriatic o\u0442\u043a\u0440\u044b\u0442\u0430 \u0444\u0438\u0440\u043c\u0430\u0441 \u043c\u043d\u043e\u0433\u043e\u043b\u0435\u0442\u043d\u0438\u043c \u043e\u043f\u044b\u0442\u043e\u043c \u0440\u0430\u0431\u043e\u0442\u044b \u0432 \u0441\u0444\u0435\u0440\u0435 \u0442\u0443\u0440\u0438\u0437\u043c\u0430; \u043a\u043e\u043c\u043f\u0430\u043d\u0438\u044f, \u0437\u0430\u043d\u0438\u043c\u0430\u044e\u0449\u0430\u044f\u0441\u044f \u043c\u0430\u0440\u043a\u0435\u0442\u0438\u043d\u0433\u043e\u043c, \u043a\u043e\u043d\u0441\u0430\u043b\u0442\u0438\u043d\u0433\u043e\u0432\u044b\u043c\u0438 \u0443\u0441\u043b\u0443\u0433\u0430\u043c\u0438, \u0444\u0438\u043d\u0430\u043d\u0441\u043e\u0432\u044b\u043c \u043a\u043e\u043d\u0441\u0443\u043b\u044c\u0442\u0438\u0440\u043e\u0432\u0430\u043d\u0438\u0435\u043c, \u0431\u0440\u043e\u043a\u0435\u0440\u0441\u043a\u0438\u043c\u0438 \u0443\u0441\u043b\u0443\u0433\u0430\u043c\u0438 \u0438 \u0442\u0443\u0440\u0438\u0441\u0442\u0438\u0447\u0435\u0441\u043a\u043e\u0439 \u0434\u0435\u044f\u0442\u0435\u043b\u044c\u043d\u043e\u0441\u0442\u044c\u044e. \u0427\u0442\u043e \u043c\u044b \u043f\u0440\u0435\u0434\u043b\u0430\u0433\u0430\u0435\u043c? \u041c\u044b \u043f\u0440\u0435\u0434\u043b\u0430\u0433\u0430\u0435\u043c \u043d\u0430\u0448\u0438\u043c \u043a\u043b\u0438\u0435\u043d\u0442\u0430\u043c \u0440\u0430\u0437\u043b\u0438\u0447\u043d\u044b\u0435 \u0432\u0430\u0440\u0438\u0430\u043d\u0442\u044b \u0440\u0430\u0437\u043c\u0435\u0449\u0435\u043d\u0438\u044f, \u043e\u0441\u0443\u0449\u0435\u0441\u0442\u0432\u043b\u044f\u0435\u043c \u0432\u0430\u0448\u0438 \u043f\u043e\u0436\u0435\u043b\u0430\u043d\u0438\u044f. \u0415\u0441\u043b\u0438 \u0443 \u0432\u0430\u0441 \u0435\u0441\u0442\u044c \u0438\u0434\u0435\u0438, \u0432\u043e\u043f\u0440\u043e\u0441\u044b, \u043f\u043e\u0436\u0435\u043b\u0430\u043d\u0438\u044f, \u0441\u0432\u044f\u0436\u0438\u0442\u0435\u0441\u044c \u0441 \u043d\u0430\u043c\u0438 \u0438 \u043c\u044b \u0432\u043c\u0435\u0441\u0442\u0435 \u043f\u0440\u0438\u0439\u0434\u0435\u043c \u043a \u0440\u0435\u0448\u0435\u043d\u0438\u044e. \u0415\u0441\u043b\u0438 \u0432\u044b \u0435\u0449\u0435 \u043d\u0435&#8230;<\/p>\n","protected":false},"author":18,"featured_media":7,"parent":0,"menu_order":0,"comment_status":"open","ping_status":"closed","template":"","meta":[],"aioseo_notices":[],"_links":{"self":[{"href":"https:\/\/conte-adriatic.com\/ru\/wp-json\/wp\/v2\/pages\/177"}],"collection":[{"href":"https:\/\/conte-adriatic.com\/ru\/wp-json\/wp\/v2\/pages"}],"about":[{"href":"https:\/\/conte-adriatic.com\/ru\/wp-json\/wp\/v2\/types\/page"}],"author":[{"embeddable":true,"href":"https:\/\/conte-adriatic.com\/ru\/wp-json\/wp\/v2\/users\/18"}],"replies":[{"embeddable":true,"href":"https:\/\/conte-adriatic.com\/ru\/wp-json\/wp\/v2\/comments?post=177"}],"version-history":[{"count":1,"href":"https:\/\/conte-adriatic.com\/ru\/wp-json\/wp\/v2\/pages\/177\/revisions"}],"predecessor-version":[{"id":12309,"href":"https:\/\/conte-adriatic.com\/ru\/wp-json\/wp\/v2\/pages\/177\/revisions\/12309"}],"wp:featuredmedia":[{"embeddable":true,"href":"https:\/\/conte-adriatic.com\/ru\/wp-json\/wp\/v2\/media\/7"}],"wp:attachment":[{"href":"https:\/\/conte-adriatic.com\/ru\/wp-json\/wp\/v2\/media?parent=177"}],"curies":[{"name":"wp","href":"https:\/\/api.w.org\/{rel}","templated":true}]}}