{"id":78,"date":"2014-03-28T10:05:52","date_gmt":"2014-03-28T09:05:52","guid":{"rendered":"https:\/\/conte-adriatic.com\/terms-conditions-2\/"},"modified":"2015-11-25T17:33:05","modified_gmt":"2015-11-25T16:33:05","slug":"terms-conditions","status":"publish","type":"page","link":"https:\/\/conte-adriatic.com\/hr\/terms-conditions\/","title":{"rendered":"Terms &#038; conditions"},"content":{"rendered":"<p><strong>PRIHVA\u0106ANJE UVJETA KORI\u0160TENJA<\/strong><\/p>\n<p>Dobro do\u0161li na stranice Conte Adriatic. Uvjeti kori\u0161tenja ovih stranica regulirani su ovim aktom o uvjetima kori\u0161tenja. Uvjeti kori\u0161tenja primjenjuju se na sve sadr\u017eaje i usluge u vlasni\u0161tvu tvrtke Conte Adriatic . Kori\u0161tenjem ovih stranica smatra se da su korisnici u svakom trenutku upoznati s ovim Uvjetima kori\u0161tenja, te da ih u potpunosti razumiju i prihva\u0107aju.<\/p>\n<p><strong>AUTORSKA PRAVA<\/strong><\/p>\n<p>Sadr\u017eaj na stranicam Conte Adriatic za\u0161ti\u0107en je autorskim pravima. Mijenjanje, posu\u0111ivanje, prodavanje ili distribuiranje takvog sadr\u017eaja mogu\u0107e je samo uz prethodnu dozvolu Conte Adriatic. Ukoliko smatrate da je do\u0161lo do povrede autorskih prava na ovim stranicama, izvijestite nas o tome na email: <a href=\"mailto:info@conte-adriatic.com\">info@conte-adriatic.com<\/a><\/p>\n<p><strong>PROMJENE UVJETA KORI\u0160TENJA<\/strong><\/p>\n<p>Conte Adriatic\u00a0 zadr\u017eava pravo promjene Uvjeta kori\u0161tenja u bilo kojem trenutku te ne\u0107e biti odgovorna za mogu\u0107e posljedice koje su proiza\u0161le iz takvih promjena. Promjene stupaju na snagu objavljivanjem na stranicama uvjeti kori\u0161tenja.<\/p>\n<p><strong>ZA\u0160TITA PRIVATNOSTI I TAJNOST PODATAKA<\/strong><\/p>\n<p>Tvrtka Conte Adriatic\u00a0 po\u0161tuje privatnost svojih korisnika i posjetitelja stranica. Svi podaci korisnika i klijenata koriste se isklju\u010divo u svrhu za koju su prikupljeni. Conte Adriatic\u00a0 ni pod kojim uvjetima ne\u0107e iste u\u010diniti dostupnima tre\u0107oj strani, osim u slu\u010daju kada je takva obaveza regulirana zakonom ili uz suglasnost vlasnika podataka.<\/p>\n","protected":false},"excerpt":{"rendered":"<p>PRIHVA\u0106ANJE UVJETA KORI\u0160TENJA Dobro do\u0161li na stranice Conte Adriatic. Uvjeti kori\u0161tenja ovih stranica regulirani su ovim aktom o uvjetima kori\u0161tenja. Uvjeti kori\u0161tenja primjenjuju se na sve sadr\u017eaje i usluge u vlasni\u0161tvu tvrtke Conte Adriatic . Kori\u0161tenjem ovih stranica smatra se da su korisnici u svakom trenutku upoznati s ovim Uvjetima kori\u0161tenja, te da ih u&#8230;<\/p>\n","protected":false},"author":18,"featured_media":0,"parent":0,"menu_order":0,"comment_status":"open","ping_status":"closed","template":"","meta":[],"aioseo_notices":[],"_links":{"self":[{"href":"https:\/\/conte-adriatic.com\/hr\/wp-json\/wp\/v2\/pages\/78"}],"collection":[{"href":"https:\/\/conte-adriatic.com\/hr\/wp-json\/wp\/v2\/pages"}],"about":[{"href":"https:\/\/conte-adriatic.com\/hr\/wp-json\/wp\/v2\/types\/page"}],"author":[{"embeddable":true,"href":"https:\/\/conte-adriatic.com\/hr\/wp-json\/wp\/v2\/users\/18"}],"replies":[{"embeddable":true,"href":"https:\/\/conte-adriatic.com\/hr\/wp-json\/wp\/v2\/comments?post=78"}],"version-history":[{"count":0,"href":"https:\/\/conte-adriatic.com\/hr\/wp-json\/wp\/v2\/pages\/78\/revisions"}],"wp:attachment":[{"href":"https:\/\/conte-adriatic.com\/hr\/wp-json\/wp\/v2\/media?parent=78"}],"curies":[{"name":"wp","href":"https:\/\/api.w.org\/{rel}","templated":true}]}}