{"id":178,"date":"2018-05-24T00:10:14","date_gmt":"2018-05-23T23:10:14","guid":{"rendered":"https:\/\/conte-adriatic.com\/about-us-2\/"},"modified":"2018-05-24T23:38:25","modified_gmt":"2018-05-24T22:38:25","slug":"o-nama","status":"publish","type":"page","link":"https:\/\/conte-adriatic.com\/hr\/o-nama\/","title":{"rendered":"O nama"},"content":{"rendered":"<p>Iz dugogodi\u0161njeg rada i iskustva u turizmu, otvorena je firma \u00a0Conte Adriatic. Conte Adriatic je poduze\u0107e za posredovanje i\u00a0 prodaju u turizmu , \u00a0marketing i \u00a0financijsko savjetovanje.<\/p>\n<p>Na\u0161im klijentima nudimo razli\u010dite usluge smje\u0161taja, realiziramo va\u0161e \u017eelje. Ako imate ideje, upite, \u017eelje, kontaktirajte nas \u00a0i zajedno dolazimo do rije\u0161enja. Ako se jo\u0161 niste odlu\u010dili, molimo vas, \u00a0kontaktirajte nas i pomo\u0107i \u0107emo vam da realizirate va\u0161e \u017eelje uz \u0161iroku ponudu <b>apartmana, hotela, soba, ku\u0107a s bazenom, svjetionika i luksuznih villa<\/b>. \u00a0Svakom gostu prilazimo individualno.<\/p>\n<p>\u017delimo da se na\u0161i klijenti osje\u0107aju ugodno u Hrvatskoj i da se opet vrate.<\/p>\n<p>Ispunite va\u0161a o\u010dekivanja i do\u017eivite Hrvatsku na najbolji na\u010din <b>Uz na\u0161 slogan: usluga, kvaliteta i zadovoljstvo, \u017eelimo vam ugodan boravak u Hrvatskoj.\u00a0<\/b><\/p>\n<p><strong>Nadle\u017eni sud<\/strong><\/p>\n<p>Trgova\u010dki Sud u Zadru<\/p>\n<p>MBS: 110043454<\/p>\n<p>OIB: 57714190190<\/p>\n<p><strong>Tvrtka<\/strong><\/p>\n<p>Conte Adriatic j.d.o.o. za posredovanje i prodaju u turizmu, savjetovanje i za djelatnost turisti\u010dke agencije<\/p>\n<p><strong>Sjedi\u0161te<\/strong><\/p>\n<p>Put Murvice 27c<\/p>\n<p>23 000 Zadar<\/p>\n<p>Registrirano kod Trgova\u010dkog suda u Zadru pod brojem Tt-14\/678-2<\/p>\n<p><strong>Poslovna banka<\/strong><\/p>\n<p>Erste banka<\/p>\n<p>HR9424020061100692547<\/p>\n<p><strong>Temeljni kapital<\/strong><\/p>\n<p>10,00 kn<\/p>\n<p><strong>Pravni oblik<\/strong><\/p>\n<p>jednostavno dru\u0161tvo s ograni\u010denom odgovorno\u0161\u0107u<\/p>\n<p><strong>Osniva\u010di\/\u010dlanovi dru\u0161tva<\/strong><\/p>\n<p>Marijana Jani\u0107, OIB: 14492625928<\/p>\n<p>Zadar, Put Murvice 27c<\/p>\n<p>Ugovor za iznajmljiva\u010de mo\u017eete prona\u0107i <a title=\"Rentals contract\" href=\"https:\/\/conte-adriatic.com\/wp-content\/uploads\/2014\/07\/VA%C5%BDNO-UGOVOR-2014-AGENCIJA-IZNAJMLJIVA%C4%8C.pdf\" target=\"_blank\">ovdje<\/a>.<\/p>\n","protected":false},"excerpt":{"rendered":"<p>Iz dugogodi\u0161njeg rada i iskustva u turizmu, otvorena je firma \u00a0Conte Adriatic. Conte Adriatic je poduze\u0107e za posredovanje i\u00a0 prodaju u turizmu , \u00a0marketing i \u00a0financijsko savjetovanje. Na\u0161im klijentima nudimo razli\u010dite usluge smje\u0161taja, realiziramo va\u0161e \u017eelje. Ako imate ideje, upite, \u017eelje, kontaktirajte nas \u00a0i zajedno dolazimo do rije\u0161enja. Ako se jo\u0161 niste odlu\u010dili, molimo vas,&#8230;<\/p>\n","protected":false},"author":18,"featured_media":7,"parent":0,"menu_order":0,"comment_status":"open","ping_status":"closed","template":"","meta":[],"aioseo_notices":[],"_links":{"self":[{"href":"https:\/\/conte-adriatic.com\/hr\/wp-json\/wp\/v2\/pages\/178"}],"collection":[{"href":"https:\/\/conte-adriatic.com\/hr\/wp-json\/wp\/v2\/pages"}],"about":[{"href":"https:\/\/conte-adriatic.com\/hr\/wp-json\/wp\/v2\/types\/page"}],"author":[{"embeddable":true,"href":"https:\/\/conte-adriatic.com\/hr\/wp-json\/wp\/v2\/users\/18"}],"replies":[{"embeddable":true,"href":"https:\/\/conte-adriatic.com\/hr\/wp-json\/wp\/v2\/comments?post=178"}],"version-history":[{"count":1,"href":"https:\/\/conte-adriatic.com\/hr\/wp-json\/wp\/v2\/pages\/178\/revisions"}],"predecessor-version":[{"id":12311,"href":"https:\/\/conte-adriatic.com\/hr\/wp-json\/wp\/v2\/pages\/178\/revisions\/12311"}],"wp:featuredmedia":[{"embeddable":true,"href":"https:\/\/conte-adriatic.com\/hr\/wp-json\/wp\/v2\/media\/7"}],"wp:attachment":[{"href":"https:\/\/conte-adriatic.com\/hr\/wp-json\/wp\/v2\/media?parent=178"}],"curies":[{"name":"wp","href":"https:\/\/api.w.org\/{rel}","templated":true}]}}