{"id":176,"date":"2018-05-24T00:10:14","date_gmt":"2018-05-23T23:10:14","guid":{"rendered":"https:\/\/conte-adriatic.com\/about-us-2\/"},"modified":"2018-05-24T23:33:22","modified_gmt":"2018-05-24T22:33:22","slug":"uber-uns","status":"publish","type":"page","link":"https:\/\/conte-adriatic.com\/de\/uber-uns\/","title":{"rendered":"\u00dcber uns"},"content":{"rendered":"<p>Aus der langj\u04d3hrigen Arbeit und Erfahrung ist die Firma Conte Adriatic, Unternehmen f\u03cbr Marketing, Consulting, Finanzberatung, Vermittlung und Verkauf im Tourismus er\u04e7ffnet.<\/p>\n<p>Unseren Klienten bieten wir verschiedene Unterkunftsdienste, realisieren wir Ihre W\u00fcnsche. Wenn Sie Ideen, Anfrage und W\u03cbnsche haben, kontaktieren Sie uns und wir kommen zu einer L\u04e7sung zusammen. Wenn Sie sich noch nicht entschlossen haben, wenden Sie sich an uns und wir helfen Ihnen, damit Sie Ihre W\u00fcnsche mit einem gro\u03b2en Angebot der Appartements, Hotels, Zimmer, H\u04d3user mit einem Schwimmbad und Luxusvillen realisieren. Jedem Gast widmen wir uns individuell.<\/p>\n<p>Wir wollen dass unsere G\u04d3ste sich in Kroatien angenehm f\u00fchlen und dass sie wieder zur\u03cbckkommen. Erf\u00fcllen Sie Ihre Erwartungen und erleben Sie Kroatien auf die beste Weise.<\/p>\n<p>Mit unserem Slogan: Dienst, Qualit\u04d3t und Zufriedenheit, w\u03cbnschen wir Ihnen einen angenehmen Aufenthalt in Kroatien.<\/p>\n<p><strong>Nadle\u017eni sud<\/strong><\/p>\n<p>Trgova\u010dki Sud u Zadru<\/p>\n<p>MBS: 110043454<\/p>\n<p>OIB: 57714190190<\/p>\n<p><strong>Tvrtka<\/strong><\/p>\n<p>Conte Adriatic j.d.o.o. za posredovanje i prodaju u turizmu, savjetovanje i za djelatnost turisti\u010dke agencije<\/p>\n<p><strong>Sjedi\u0161te<\/strong><\/p>\n<p>Put Murvice 27c<\/p>\n<p>23 000 Zadar<\/p>\n<p>Registrirano kod Trgova\u010dkog suda u Zadru pod brojem Tt-14\/678-2<\/p>\n<p><strong>Poslovna banka<\/strong><\/p>\n<p>Erste banka<\/p>\n<p>HR9424020061100692547<\/p>\n<p><strong>Temeljni kapital<\/strong><\/p>\n<p>10,00 kn<\/p>\n<p><strong>Pravni oblik<\/strong><\/p>\n<p>jednostavno dru\u0161tvo s ograni\u010denom odgovorno\u0161\u0107u<\/p>\n<p><strong>Osniva\u010di\/\u010dlanovi dru\u0161tva<\/strong><\/p>\n<p>Marijana Jani\u0107, OIB: 14492625928<\/p>\n<p>Zadar, Put Murvice 27c<\/p>\n<p>Vertrag f\u00fcr Mieten finden Sie <a title=\"Vertrag f\u00fcr Mieten\" href=\"https:\/\/conte-adriatic.com\/wp-content\/uploads\/2014\/07\/VA\u017dNO-UGOVOR-2014-AGENCIJA-IZNAJMLJIVA\u010c.pdf\" target=\"_blank\">hier<\/a>.<\/p>\n","protected":false},"excerpt":{"rendered":"<p>Aus der langj\u04d3hrigen Arbeit und Erfahrung ist die Firma Conte Adriatic, Unternehmen f\u03cbr Marketing, Consulting, Finanzberatung, Vermittlung und Verkauf im Tourismus er\u04e7ffnet. Unseren Klienten bieten wir verschiedene Unterkunftsdienste, realisieren wir Ihre W\u00fcnsche. Wenn Sie Ideen, Anfrage und W\u03cbnsche haben, kontaktieren Sie uns und wir kommen zu einer L\u04e7sung zusammen. Wenn Sie sich noch nicht entschlossen&#8230;<\/p>\n","protected":false},"author":18,"featured_media":7,"parent":0,"menu_order":0,"comment_status":"open","ping_status":"closed","template":"","meta":[],"aioseo_notices":[],"_links":{"self":[{"href":"https:\/\/conte-adriatic.com\/de\/wp-json\/wp\/v2\/pages\/176"}],"collection":[{"href":"https:\/\/conte-adriatic.com\/de\/wp-json\/wp\/v2\/pages"}],"about":[{"href":"https:\/\/conte-adriatic.com\/de\/wp-json\/wp\/v2\/types\/page"}],"author":[{"embeddable":true,"href":"https:\/\/conte-adriatic.com\/de\/wp-json\/wp\/v2\/users\/18"}],"replies":[{"embeddable":true,"href":"https:\/\/conte-adriatic.com\/de\/wp-json\/wp\/v2\/comments?post=176"}],"version-history":[{"count":1,"href":"https:\/\/conte-adriatic.com\/de\/wp-json\/wp\/v2\/pages\/176\/revisions"}],"predecessor-version":[{"id":12307,"href":"https:\/\/conte-adriatic.com\/de\/wp-json\/wp\/v2\/pages\/176\/revisions\/12307"}],"wp:featuredmedia":[{"embeddable":true,"href":"https:\/\/conte-adriatic.com\/de\/wp-json\/wp\/v2\/media\/7"}],"wp:attachment":[{"href":"https:\/\/conte-adriatic.com\/de\/wp-json\/wp\/v2\/media?parent=176"}],"curies":[{"name":"wp","href":"https:\/\/api.w.org\/{rel}","templated":true}]}}